{"id":2482,"date":"2022-06-07T10:25:41","date_gmt":"2022-06-07T09:25:41","guid":{"rendered":"https:\/\/zinet.si\/zkzp\/?page_id=2482"},"modified":"2022-06-07T19:44:28","modified_gmt":"2022-06-07T18:44:28","slug":"zasebnost","status":"publish","type":"page","link":"https:\/\/zinet.si\/zkzp\/zasebnost\/","title":{"rendered":"Zasebnost"},"content":{"rendered":"<div class=\"nv-page-title-wrap nv-big-title\">\n<div class=\"nv-page-title \">\n<h2>Pravilnik o zasebnosti<\/h2>\n<h3>Splo\u0161ni pogoji uporabe spletnega portala in omejitev odgovornosti<\/h3>\n<p><strong>Definicije pojmov<\/strong><\/p>\n<p>Lastnica, skrbnica in upraviteljica spletnega mesta in domene zupnija-kr-zlato-polje.rkc.si. Spletno mesto predstavljajo vse strani in podstrani v okviru naslova zupnija-kr-zlato-polje.rkc.si .<\/p>\n<p>Uporabnik spletnega mesta je posameznik, ki obi\u0161\u010de spletno stran na spletnem mestu\u00a0zupnija-kr-zlato-polje.rkc.si\u00a0.<\/p>\n<p><strong>Sprejem splo\u0161nih pogojev<\/strong><\/p>\n<p>Uporabnik je zavezan k upo\u0161tevanju splo\u0161nih pogojev. Uporabnik z uporabo spletne strani\u00a0zupnija-kr-zlato-polje.rkc.si\u00a0sprejema splo\u0161ne pogoje in izjavlja, da je z njimi seznanjen ter da se z njimi strinja.<\/p>\n<p><strong>Omejitev odgovornosti<\/strong><\/p>\n<p>Lastnica ne odgovarja za to\u010dnost, pravilnost, a\u017eurnost podatkov in informacij, ki so objavljene na spletnem mestu in so jih posredovale tretje osebe ali ustanove.<\/p>\n<p>Lastnica ni odgovorna za kakr\u0161no koli \u0161kodo na strojni opremi uporabnikov, ki bi izvirala iz morebitnih tehni\u010dnih te\u017eav, prekinitve delovanja storitve ali drugih motenj (npr. ra\u010dunalni\u0161ki virus, izpad elektri\u010dne energije, mehani\u010dne okvare, odlo\u010ditev dr\u017eavnih organov, ipd.).<\/p>\n<p>Spletno mesto vsebuje tudi povezave na spletna mesta tretjih oseb. Lastnica ne prevzema odgovornosti za spo\u0161tovanje zasebnosti in vsebino na navedenih spletnih mestih oziroma straneh, prav tako ne odgovarja za vsebino spletnih strani, kamor vodijo povezave, prisotne na portalu.<\/p>\n<p><strong>Uporaba osebnih podatkov ter varovanje zasebnosti<\/strong><\/p>\n<p>Lastnica je zavezana k varovanju osebnih podatkov in zasebnosti uporabnikov. Lastnica jam\u010di, da bodo na internetu zbrani podatki namenjeni izklju\u010dno uporabi za anonimno statisti\u010dno analizo obiska strani.<\/p>\n<p>Lastnica bo s pridobljenimi podatki o uporabnikih ravnala v skladu z veljavno zakonodajo in navedenimi splo\u0161nimi pogoji.<\/p>\n<p><strong>Pi\u0161kotki<\/strong><\/p>\n<p>Spletna stran zupnija-kr-zlato-polje.rkc.si za svoje delovanje uporablja pi\u0161kotke (ang.\u00a0cookies). Pi\u0161kotki so majhne datoteke, ki se hranijo na napravi, s katero obiskovalec dostopa do spletne strani. Z njihovo pomo\u010djo si lahko stran zapomni podatke o uporabniku ali nastavitve, ki si jih je obiskovalec izbral.<\/p>\n<p>Na strani\u00a0zupnija-kr-zlato-polje.rkc.si\u00a0uporabljamo lastne pi\u0161kotke za upravljanje s stranjo ter za meritve obiskanosti spletne strani (uporabljeni pi\u0161kotki izvirajo iz domene .zng.si). Ve\u010d o tem, kako delujejo pi\u0161kotki za zbiranje statistike obiskanosti, si lahko preberete na spletni strani\u00a0Google Analytics.<\/p>\n<p><strong>Kr\u0161itve<\/strong><\/p>\n<p>V primeru kakr\u0161nih koli kr\u0161itev obstoje\u010de zakonodaje ali splo\u0161nih pogojev, sme lastnica posredovane osebne podatke, vklju\u010dno z IP naslovom, uporabiti z namenom prepre\u010devanja prihodnjih kr\u0161itev in sanacije posledic kr\u0161itve.<\/p>\n<p>Prepovedan je vsak poskus ali izvr\u0161itev nepoobla\u0161\u010denega spreminjanja, izbrisa, po\u0161kodovanja, povzro\u010ditve za\u010dasne ali trajne neuporabnosti podatkov na spletnem mestu. Prav tako je prepovedan vsak poskus ali izvr\u0161itev aktivnosti, da se mimo spletnega mesta nepoobla\u0161\u010deno dostopi do kakr\u0161nih koli drugih vsebin v okviru informacijskega sistema lastnice.<\/p>\n<\/div>\n<\/div>\n","protected":false},"excerpt":{"rendered":"<p>Pravilnik o zasebnosti Splo\u0161ni pogoji uporabe spletnega portala in omejitev odgovornosti Definicije pojmov Lastnica, skrbnica in upraviteljica spletnega mesta in domene zupnija-kr-zlato-polje.rkc.si. Spletno mesto predstavljajo vse strani in podstrani v okviru naslova zupnija-kr-zlato-polje.rkc.si . Uporabnik&hellip;<\/p>\n","protected":false},"author":1,"featured_media":0,"parent":0,"menu_order":0,"comment_status":"closed","ping_status":"closed","template":"","meta":[],"acf":[],"_links":{"self":[{"href":"https:\/\/zinet.si\/zkzp\/wp-json\/wp\/v2\/pages\/2482"}],"collection":[{"href":"https:\/\/zinet.si\/zkzp\/wp-json\/wp\/v2\/pages"}],"about":[{"href":"https:\/\/zinet.si\/zkzp\/wp-json\/wp\/v2\/types\/page"}],"author":[{"embeddable":true,"href":"https:\/\/zinet.si\/zkzp\/wp-json\/wp\/v2\/users\/1"}],"replies":[{"embeddable":true,"href":"https:\/\/zinet.si\/zkzp\/wp-json\/wp\/v2\/comments?post=2482"}],"version-history":[{"count":2,"href":"https:\/\/zinet.si\/zkzp\/wp-json\/wp\/v2\/pages\/2482\/revisions"}],"predecessor-version":[{"id":3257,"href":"https:\/\/zinet.si\/zkzp\/wp-json\/wp\/v2\/pages\/2482\/revisions\/3257"}],"wp:attachment":[{"href":"https:\/\/zinet.si\/zkzp\/wp-json\/wp\/v2\/media?parent=2482"}],"curies":[{"name":"wp","href":"https:\/\/api.w.org\/{rel}","templated":true}]}}